{"id":137,"date":"2024-07-17T16:02:40","date_gmt":"2024-07-17T14:02:40","guid":{"rendered":"https:\/\/lascasitasdecerezo.es\/?page_id=137"},"modified":"2025-09-04T14:50:15","modified_gmt":"2025-09-04T12:50:15","slug":"blog","status":"publish","type":"page","link":"https:\/\/lascasitasdecerezo.es\/en\/blog\/","title":{"rendered":"Blog"},"content":{"rendered":"\t\t<div data-elementor-type=\"wp-page\" data-elementor-id=\"137\" class=\"elementor elementor-137\" data-elementor-post-type=\"page\">\n\t\t\t\t<div class=\"elementor-element elementor-element-7fbccc0 e-flex e-con-boxed e-con e-parent\" data-id=\"7fbccc0\" data-element_type=\"container\" data-e-type=\"container\" data-settings=\"{&quot;background_background&quot;:&quot;classic&quot;}\">\n\t\t\t\t\t<div class=\"e-con-inner\">\n\t\t\t\t<div class=\"elementor-element elementor-element-232e927 elementor-widget elementor-widget-heading\" data-id=\"232e927\" data-element_type=\"widget\" data-e-type=\"widget\" data-widget_type=\"heading.default\">\n\t\t\t\t<div class=\"elementor-widget-container\">\n\t\t\t\t\t<h1 class=\"elementor-heading-title elementor-size-default\">Blog Las Casitas de Cerezo<\/h1>\t\t\t\t<\/div>\n\t\t\t\t<\/div>\n\t\t\t\t\t<\/div>\n\t\t\t\t<\/div>\n\t\t<div class=\"elementor-element elementor-element-f6bde28 e-flex e-con-boxed e-con e-parent\" data-id=\"f6bde28\" data-element_type=\"container\" data-e-type=\"container\">\n\t\t\t\t\t<div class=\"e-con-inner\">\n\t\t\t\t<div class=\"elementor-element elementor-element-9daf422 elementor-widget elementor-widget-text-editor\" data-id=\"9daf422\" data-element_type=\"widget\" data-e-type=\"widget\" data-widget_type=\"text-editor.default\">\n\t\t\t\t<div class=\"elementor-widget-container\">\n\t\t\t\t\t\t\t\t\t<p>Welcome to our news, recommendations and news section of Las Casitas de Cerezo in Segovia. A starting point to get to know the area and the variety of events and activities you can enjoy during your stay, as well as places we know you might like to visit, places to eat or where to buy local products.\u00a0<\/p>\t\t\t\t\t\t\t\t<\/div>\n\t\t\t\t<\/div>\n\t\t\t\t\t<\/div>\n\t\t\t\t<\/div>\n\t\t<div class=\"elementor-element elementor-element-b6951ac e-flex e-con-boxed e-con e-parent\" data-id=\"b6951ac\" data-element_type=\"container\" data-e-type=\"container\">\n\t\t\t\t\t<div class=\"e-con-inner\">\n\t\t\t\t<div class=\"elementor-element elementor-element-768a637 elementor-grid-3 elementor-grid-tablet-2 elementor-grid-mobile-1 elementor-posts--thumbnail-top elementor-card-shadow-yes elementor-posts__hover-gradient elementor-widget elementor-widget-posts\" data-id=\"768a637\" data-element_type=\"widget\" data-e-type=\"widget\" data-settings=\"{&quot;pagination_type&quot;:&quot;prev_next&quot;,&quot;cards_columns&quot;:&quot;3&quot;,&quot;cards_columns_tablet&quot;:&quot;2&quot;,&quot;cards_columns_mobile&quot;:&quot;1&quot;,&quot;cards_row_gap&quot;:{&quot;unit&quot;:&quot;px&quot;,&quot;size&quot;:35,&quot;sizes&quot;:[]},&quot;cards_row_gap_laptop&quot;:{&quot;unit&quot;:&quot;px&quot;,&quot;size&quot;:&quot;&quot;,&quot;sizes&quot;:[]},&quot;cards_row_gap_tablet&quot;:{&quot;unit&quot;:&quot;px&quot;,&quot;size&quot;:&quot;&quot;,&quot;sizes&quot;:[]},&quot;cards_row_gap_mobile&quot;:{&quot;unit&quot;:&quot;px&quot;,&quot;size&quot;:&quot;&quot;,&quot;sizes&quot;:[]}}\" data-widget_type=\"posts.cards\">\n\t\t\t\t<div class=\"elementor-widget-container\">\n\t\t\t\t\t\t\t<div class=\"elementor-posts-container elementor-posts elementor-posts--skin-cards elementor-grid\" role=\"list\">\n\t\t\t\t<article class=\"elementor-post elementor-grid-item post-1755 post type-post status-publish format-standard has-post-thumbnail hentry category-blog\" role=\"listitem\">\n\t\t\t<div class=\"elementor-post__card\">\n\t\t\t\t<a class=\"elementor-post__thumbnail__link\" href=\"https:\/\/lascasitasdecerezo.es\/en\/entrada-tres\/\" tabindex=\"-1\" ><div class=\"elementor-post__thumbnail\"><img fetchpriority=\"high\" decoding=\"async\" width=\"1900\" height=\"1262\" src=\"https:\/\/lascasitasdecerezo.es\/en\/wp-content\/uploads\/sites\/4\/butter-lamps-with-flames-near-bodhnath-stupa-in-ka-2024-09-13-16-58-35-utc.webp\" class=\"attachment-medium size-medium wp-image-2577\" alt=\"butter lamps with flames near bodhnath stupa in ka utc\" srcset=\"https:\/\/lascasitasdecerezo.es\/en\/wp-content\/uploads\/sites\/4\/butter-lamps-with-flames-near-bodhnath-stupa-in-ka-2024-09-13-16-58-35-utc.webp 1900w, https:\/\/lascasitasdecerezo.es\/en\/wp-content\/uploads\/sites\/4\/butter-lamps-with-flames-near-bodhnath-stupa-in-ka-2024-09-13-16-58-35-utc-768x510.webp 768w, https:\/\/lascasitasdecerezo.es\/en\/wp-content\/uploads\/sites\/4\/butter-lamps-with-flames-near-bodhnath-stupa-in-ka-2024-09-13-16-58-35-utc-1536x1020.webp 1536w\" sizes=\"(max-width: 1900px) 100vw, 1900px\" \/><\/div><\/a>\n\t\t\t\t<div class=\"elementor-post__text\">\n\t\t\t\t<h3 class=\"elementor-post__title\">\n\t\t\t<a href=\"https:\/\/lascasitasdecerezo.es\/en\/entrada-tres\/\" >\n\t\t\t\tCandlelight Concerts: A Magical Tradition in Pedraza\t\t\t<\/a>\n\t\t<\/h3>\n\t\t\t\t<div class=\"elementor-post__excerpt\">\n\t\t\t<p>Every first and second Saturday in July, the Fundaci\u00f3n Villa de Pedraza organises two magnificent classical music concerts in Pedraza de la Sierra, Segovia. These events, known as the Conciertos<\/p>\n\t\t<\/div>\n\t\t\t\t\t<div class=\"elementor-post__read-more-wrapper\">\n\t\t\n\t\t<a class=\"elementor-post__read-more\" href=\"https:\/\/lascasitasdecerezo.es\/en\/entrada-tres\/\" aria-label=\"M\u00e1s informaci\u00f3n sobre Candlelight Concerts: A Magical Tradition in Pedraza\" tabindex=\"-1\" >\n\t\t\tRead more \u00bb\t\t<\/a>\n\n\t\t\t\t\t<\/div>\n\t\t\t\t<\/div>\n\t\t\t\t<div class=\"elementor-post__meta-data\">\n\t\t\t\t\t<span class=\"elementor-post-date\">\n\t\t\t18 de junio de 2025\t\t<\/span>\n\t\t\t\t<\/div>\n\t\t\t\t\t<\/div>\n\t\t<\/article>\n\t\t\t\t<article class=\"elementor-post elementor-grid-item post-1753 post type-post status-publish format-standard has-post-thumbnail hentry category-blog\" role=\"listitem\">\n\t\t\t<div class=\"elementor-post__card\">\n\t\t\t\t<a class=\"elementor-post__thumbnail__link\" href=\"https:\/\/lascasitasdecerezo.es\/en\/entrada-dos\/\" tabindex=\"-1\" ><div class=\"elementor-post__thumbnail\"><img decoding=\"async\" width=\"1512\" height=\"1080\" src=\"https:\/\/lascasitasdecerezo.es\/en\/wp-content\/uploads\/sites\/4\/Ayllon-Medieval-Destacada.webp\" class=\"attachment-medium size-medium wp-image-2581\" alt=\"Ayllon Medieval Destacada\" srcset=\"https:\/\/lascasitasdecerezo.es\/en\/wp-content\/uploads\/sites\/4\/Ayllon-Medieval-Destacada.webp 1512w, https:\/\/lascasitasdecerezo.es\/en\/wp-content\/uploads\/sites\/4\/Ayllon-Medieval-Destacada-768x549.webp 768w\" sizes=\"(max-width: 1512px) 100vw, 1512px\" \/><\/div><\/a>\n\t\t\t\t<div class=\"elementor-post__text\">\n\t\t\t\t<h3 class=\"elementor-post__title\">\n\t\t\t<a href=\"https:\/\/lascasitasdecerezo.es\/en\/entrada-dos\/\" >\n\t\t\t\tMedieval Ayllon\t\t\t<\/a>\n\t\t<\/h3>\n\t\t\t\t<div class=\"elementor-post__excerpt\">\n\t\t\t<p>An Immersive Experience in the Heart of History Ayll\u00f3n Medieval is much more than a festival: it is a journey back in time that transports you to the splendour of<\/p>\n\t\t<\/div>\n\t\t\t\t\t<div class=\"elementor-post__read-more-wrapper\">\n\t\t\n\t\t<a class=\"elementor-post__read-more\" href=\"https:\/\/lascasitasdecerezo.es\/en\/entrada-dos\/\" aria-label=\"M\u00e1s informaci\u00f3n sobre Medieval Ayllon\" tabindex=\"-1\" >\n\t\t\tRead more \u00bb\t\t<\/a>\n\n\t\t\t\t\t<\/div>\n\t\t\t\t<\/div>\n\t\t\t\t<div class=\"elementor-post__meta-data\">\n\t\t\t\t\t<span class=\"elementor-post-date\">\n\t\t\t18 de junio de 2025\t\t<\/span>\n\t\t\t\t<\/div>\n\t\t\t\t\t<\/div>\n\t\t<\/article>\n\t\t\t\t<article class=\"elementor-post elementor-grid-item post-1750 post type-post status-publish format-standard has-post-thumbnail hentry category-blog\" role=\"listitem\">\n\t\t\t<div class=\"elementor-post__card\">\n\t\t\t\t<a class=\"elementor-post__thumbnail__link\" href=\"https:\/\/lascasitasdecerezo.es\/en\/entrada-uno\/\" tabindex=\"-1\" ><div class=\"elementor-post__thumbnail\"><img decoding=\"async\" width=\"1900\" height=\"1271\" src=\"https:\/\/lascasitasdecerezo.es\/en\/wp-content\/uploads\/sites\/4\/Hoces_del_rio_Duraton_-_01.webp\" class=\"attachment-medium size-medium wp-image-2589\" alt=\"Hoces del r\u00edo Durat\u00f3n\" srcset=\"https:\/\/lascasitasdecerezo.es\/en\/wp-content\/uploads\/sites\/4\/Hoces_del_rio_Duraton_-_01.webp 1900w, https:\/\/lascasitasdecerezo.es\/en\/wp-content\/uploads\/sites\/4\/Hoces_del_rio_Duraton_-_01-768x514.webp 768w, https:\/\/lascasitasdecerezo.es\/en\/wp-content\/uploads\/sites\/4\/Hoces_del_rio_Duraton_-_01-1536x1028.webp 1536w\" sizes=\"(max-width: 1900px) 100vw, 1900px\" \/><\/div><\/a>\n\t\t\t\t<div class=\"elementor-post__text\">\n\t\t\t\t<h3 class=\"elementor-post__title\">\n\t\t\t<a href=\"https:\/\/lascasitasdecerezo.es\/en\/entrada-uno\/\" >\n\t\t\t\tDurat\u00f3n Gorges\t\t\t<\/a>\n\t\t<\/h3>\n\t\t\t\t<div class=\"elementor-post__excerpt\">\n\t\t\t<p>Ecological wonders at a stone&#8217;s throw: Hoces del Durat\u00f3n from Las Casitas de Cerezo Discover one of the most impressive corners of Segovia: the Hoces del R\u00edo Durat\u00f3n Natural Park.<\/p>\n\t\t<\/div>\n\t\t\t\t\t<div class=\"elementor-post__read-more-wrapper\">\n\t\t\n\t\t<a class=\"elementor-post__read-more\" href=\"https:\/\/lascasitasdecerezo.es\/en\/entrada-uno\/\" aria-label=\"M\u00e1s informaci\u00f3n sobre Durat\u00f3n Gorges\" tabindex=\"-1\" >\n\t\t\tRead more \u00bb\t\t<\/a>\n\n\t\t\t\t\t<\/div>\n\t\t\t\t<\/div>\n\t\t\t\t<div class=\"elementor-post__meta-data\">\n\t\t\t\t\t<span class=\"elementor-post-date\">\n\t\t\t18 de junio de 2025\t\t<\/span>\n\t\t\t\t<\/div>\n\t\t\t\t\t<\/div>\n\t\t<\/article>\n\t\t\t\t<\/div>\n\t\t\n\t\t\t\t\t\t<\/div>\n\t\t\t\t<\/div>\n\t\t\t\t\t<\/div>\n\t\t\t\t<\/div>\n\t\t\t\t<\/div>\n\t\t","protected":false},"excerpt":{"rendered":"<p>Blog Las Casitas de Cerezo Welcome to our news, recommendations and news section of Las Casitas de Cerezo in Segovia. A starting point to get to know the area and the variety of events and activities you can enjoy during your stay, as well as places we know you might like to visit, places to [&hellip;]<\/p>\n","protected":false},"author":1,"featured_media":0,"parent":0,"menu_order":0,"comment_status":"closed","ping_status":"closed","template":"elementor_header_footer","meta":{"footnotes":""},"class_list":["post-137","page","type-page","status-publish","hentry"],"yoast_head":"<!-- This site is optimized with the Yoast SEO plugin v27.4 - https:\/\/yoast.com\/product\/yoast-seo-wordpress\/ -->\n<title>Blog - Las Casitas de Cerezo<\/title>\n<meta name=\"description\" content=\"Bienvenidos a nuestra secci\u00f3n de noticias, recomendaciones y novedades de Las Casitas de Cerezo en Segovia.\" \/>\n<meta name=\"robots\" content=\"index, follow, max-snippet:-1, max-image-preview:large, max-video-preview:-1\" \/>\n<link rel=\"canonical\" href=\"https:\/\/lascasitasdecerezo.es\/en\/blog\/\" \/>\n<meta property=\"og:locale\" content=\"es_ES\" \/>\n<meta property=\"og:type\" content=\"article\" \/>\n<meta property=\"og:title\" content=\"Blog - Las Casitas de Cerezo\" \/>\n<meta property=\"og:description\" content=\"Bienvenidos a nuestra secci\u00f3n de noticias, recomendaciones y novedades de Las Casitas de Cerezo en Segovia.\" \/>\n<meta property=\"og:url\" content=\"https:\/\/lascasitasdecerezo.es\/en\/blog\/\" \/>\n<meta property=\"og:site_name\" content=\"Las Casitas de Cerezo\" \/>\n<meta property=\"article:modified_time\" content=\"2025-09-04T12:50:15+00:00\" \/>\n<meta name=\"twitter:card\" content=\"summary_large_image\" \/>\n<meta name=\"twitter:label1\" content=\"Tiempo de lectura\" \/>\n\t<meta name=\"twitter:data1\" content=\"3 minutos\" \/>\n<script type=\"application\/ld+json\" class=\"yoast-schema-graph\">{\"@context\":\"https:\\\/\\\/schema.org\",\"@graph\":[{\"@type\":\"WebPage\",\"@id\":\"https:\\\/\\\/lascasitasdecerezo.es\\\/en\\\/blog\\\/\",\"url\":\"https:\\\/\\\/lascasitasdecerezo.es\\\/en\\\/blog\\\/\",\"name\":\"Blog - Las Casitas de Cerezo\",\"isPartOf\":{\"@id\":\"https:\\\/\\\/lascasitasdecerezo.es\\\/en\\\/#website\"},\"datePublished\":\"2024-07-17T14:02:40+00:00\",\"dateModified\":\"2025-09-04T12:50:15+00:00\",\"description\":\"Bienvenidos a nuestra secci\u00f3n de noticias, recomendaciones y novedades de Las Casitas de Cerezo en Segovia.\",\"breadcrumb\":{\"@id\":\"https:\\\/\\\/lascasitasdecerezo.es\\\/en\\\/blog\\\/#breadcrumb\"},\"inLanguage\":\"es\",\"potentialAction\":[{\"@type\":\"ReadAction\",\"target\":[\"https:\\\/\\\/lascasitasdecerezo.es\\\/en\\\/blog\\\/\"]}]},{\"@type\":\"BreadcrumbList\",\"@id\":\"https:\\\/\\\/lascasitasdecerezo.es\\\/en\\\/blog\\\/#breadcrumb\",\"itemListElement\":[{\"@type\":\"ListItem\",\"position\":1,\"name\":\"Portada\",\"item\":\"https:\\\/\\\/lascasitasdecerezo.es\\\/en\\\/\"},{\"@type\":\"ListItem\",\"position\":2,\"name\":\"Blog\"}]},{\"@type\":\"WebSite\",\"@id\":\"https:\\\/\\\/lascasitasdecerezo.es\\\/en\\\/#website\",\"url\":\"https:\\\/\\\/lascasitasdecerezo.es\\\/en\\\/\",\"name\":\"Las Casitas de Cerezo\",\"description\":\"Tourist flats in Segovia\",\"publisher\":{\"@id\":\"https:\\\/\\\/lascasitasdecerezo.es\\\/en\\\/#organization\"},\"potentialAction\":[{\"@type\":\"SearchAction\",\"target\":{\"@type\":\"EntryPoint\",\"urlTemplate\":\"https:\\\/\\\/lascasitasdecerezo.es\\\/en\\\/?s={search_term_string}\"},\"query-input\":{\"@type\":\"PropertyValueSpecification\",\"valueRequired\":true,\"valueName\":\"search_term_string\"}}],\"inLanguage\":\"es\"},{\"@type\":\"Organization\",\"@id\":\"https:\\\/\\\/lascasitasdecerezo.es\\\/en\\\/#organization\",\"name\":\"Las Casitas de Cerezo\",\"url\":\"https:\\\/\\\/lascasitasdecerezo.es\\\/en\\\/\",\"logo\":{\"@type\":\"ImageObject\",\"inLanguage\":\"es\",\"@id\":\"https:\\\/\\\/lascasitasdecerezo.es\\\/en\\\/#\\\/schema\\\/logo\\\/image\\\/\",\"url\":\"https:\\\/\\\/lascasitasdecerezo.es\\\/en\\\/wp-content\\\/uploads\\\/sites\\\/4\\\/logo-casitas-01.webp\",\"contentUrl\":\"https:\\\/\\\/lascasitasdecerezo.es\\\/en\\\/wp-content\\\/uploads\\\/sites\\\/4\\\/logo-casitas-01.webp\",\"width\":600,\"height\":151,\"caption\":\"Las Casitas de Cerezo\"},\"image\":{\"@id\":\"https:\\\/\\\/lascasitasdecerezo.es\\\/en\\\/#\\\/schema\\\/logo\\\/image\\\/\"}}]}<\/script>\n<!-- \/ Yoast SEO plugin. -->","yoast_head_json":{"title":"Blog - Las Casitas de Cerezo","description":"Bienvenidos a nuestra secci\u00f3n de noticias, recomendaciones y novedades de Las Casitas de Cerezo en Segovia.","robots":{"index":"index","follow":"follow","max-snippet":"max-snippet:-1","max-image-preview":"max-image-preview:large","max-video-preview":"max-video-preview:-1"},"canonical":"https:\/\/lascasitasdecerezo.es\/en\/blog\/","og_locale":"es_ES","og_type":"article","og_title":"Blog - Las Casitas de Cerezo","og_description":"Bienvenidos a nuestra secci\u00f3n de noticias, recomendaciones y novedades de Las Casitas de Cerezo en Segovia.","og_url":"https:\/\/lascasitasdecerezo.es\/en\/blog\/","og_site_name":"Las Casitas de Cerezo","article_modified_time":"2025-09-04T12:50:15+00:00","twitter_card":"summary_large_image","twitter_misc":{"Tiempo de lectura":"3 minutos"},"schema":{"@context":"https:\/\/schema.org","@graph":[{"@type":"WebPage","@id":"https:\/\/lascasitasdecerezo.es\/en\/blog\/","url":"https:\/\/lascasitasdecerezo.es\/en\/blog\/","name":"Blog - Las Casitas de Cerezo","isPartOf":{"@id":"https:\/\/lascasitasdecerezo.es\/en\/#website"},"datePublished":"2024-07-17T14:02:40+00:00","dateModified":"2025-09-04T12:50:15+00:00","description":"Bienvenidos a nuestra secci\u00f3n de noticias, recomendaciones y novedades de Las Casitas de Cerezo en Segovia.","breadcrumb":{"@id":"https:\/\/lascasitasdecerezo.es\/en\/blog\/#breadcrumb"},"inLanguage":"es","potentialAction":[{"@type":"ReadAction","target":["https:\/\/lascasitasdecerezo.es\/en\/blog\/"]}]},{"@type":"BreadcrumbList","@id":"https:\/\/lascasitasdecerezo.es\/en\/blog\/#breadcrumb","itemListElement":[{"@type":"ListItem","position":1,"name":"Portada","item":"https:\/\/lascasitasdecerezo.es\/en\/"},{"@type":"ListItem","position":2,"name":"Blog"}]},{"@type":"WebSite","@id":"https:\/\/lascasitasdecerezo.es\/en\/#website","url":"https:\/\/lascasitasdecerezo.es\/en\/","name":"Las Casitas de Cerezo","description":"Tourist flats in Segovia","publisher":{"@id":"https:\/\/lascasitasdecerezo.es\/en\/#organization"},"potentialAction":[{"@type":"SearchAction","target":{"@type":"EntryPoint","urlTemplate":"https:\/\/lascasitasdecerezo.es\/en\/?s={search_term_string}"},"query-input":{"@type":"PropertyValueSpecification","valueRequired":true,"valueName":"search_term_string"}}],"inLanguage":"es"},{"@type":"Organization","@id":"https:\/\/lascasitasdecerezo.es\/en\/#organization","name":"Las Casitas de Cerezo","url":"https:\/\/lascasitasdecerezo.es\/en\/","logo":{"@type":"ImageObject","inLanguage":"es","@id":"https:\/\/lascasitasdecerezo.es\/en\/#\/schema\/logo\/image\/","url":"https:\/\/lascasitasdecerezo.es\/en\/wp-content\/uploads\/sites\/4\/logo-casitas-01.webp","contentUrl":"https:\/\/lascasitasdecerezo.es\/en\/wp-content\/uploads\/sites\/4\/logo-casitas-01.webp","width":600,"height":151,"caption":"Las Casitas de Cerezo"},"image":{"@id":"https:\/\/lascasitasdecerezo.es\/en\/#\/schema\/logo\/image\/"}}]}},"_links":{"self":[{"href":"https:\/\/lascasitasdecerezo.es\/en\/wp-json\/wp\/v2\/pages\/137","targetHints":{"allow":["GET"]}}],"collection":[{"href":"https:\/\/lascasitasdecerezo.es\/en\/wp-json\/wp\/v2\/pages"}],"about":[{"href":"https:\/\/lascasitasdecerezo.es\/en\/wp-json\/wp\/v2\/types\/page"}],"author":[{"embeddable":true,"href":"https:\/\/lascasitasdecerezo.es\/en\/wp-json\/wp\/v2\/users\/1"}],"replies":[{"embeddable":true,"href":"https:\/\/lascasitasdecerezo.es\/en\/wp-json\/wp\/v2\/comments?post=137"}],"version-history":[{"count":6,"href":"https:\/\/lascasitasdecerezo.es\/en\/wp-json\/wp\/v2\/pages\/137\/revisions"}],"predecessor-version":[{"id":2781,"href":"https:\/\/lascasitasdecerezo.es\/en\/wp-json\/wp\/v2\/pages\/137\/revisions\/2781"}],"wp:attachment":[{"href":"https:\/\/lascasitasdecerezo.es\/en\/wp-json\/wp\/v2\/media?parent=137"}],"curies":[{"name":"wp","href":"https:\/\/api.w.org\/{rel}","templated":true}]}}